{"id":33,"date":"2022-01-29T10:22:40","date_gmt":"2022-01-29T10:22:40","guid":{"rendered":"https:\/\/make-it-happen.tirol\/?page_id=33"},"modified":"2022-02-18T18:22:59","modified_gmt":"2022-02-18T18:22:59","slug":"datenschutz","status":"publish","type":"page","link":"https:\/\/make-it-happen.tirol\/?page_id=33","title":{"rendered":"Datenschutz"},"content":{"rendered":"<p>[et_pb_section fb_built=&#8220;1&#8243; _builder_version=&#8220;4.14.7&#8243; _module_preset=&#8220;default&#8220; background_color=&#8220;#222222&#8243; global_colors_info=&#8220;{}&#8220;][et_pb_row _builder_version=&#8220;4.14.7&#8243; _module_preset=&#8220;default&#8220; hover_enabled=&#8220;0&#8243; global_colors_info=&#8220;{}&#8220; custom_margin=&#8220;50px||||false|false&#8220; sticky_enabled=&#8220;0&#8243;][et_pb_column type=&#8220;4_4&#8243; _builder_version=&#8220;4.14.7&#8243; _module_preset=&#8220;default&#8220; global_colors_info=&#8220;{}&#8220;][et_pb_text _builder_version=&#8220;4.14.7&#8243; _module_preset=&#8220;default&#8220; text_font=&#8220;Roboto|300|||||||&#8220; text_text_color=&#8220;#FFFFFF&#8220; header_font=&#8220;DIN Condensed|||on|||||&#8220; header_text_color=&#8220;#FFFFFF&#8220; header_font_size=&#8220;41px&#8220; header_2_font=&#8220;DIN Condensed|||on|||||&#8220; header_2_text_color=&#8220;#FFFFFF&#8220; header_3_font=&#8220;Roboto|300|||||||&#8220; header_3_text_color=&#8220;#FFFFFF&#8220; header_3_font_size=&#8220;16px&#8220; header_3_line_height=&#8220;1.2em&#8220; hover_enabled=&#8220;0&#8243; global_colors_info=&#8220;{}&#8220; header_font_last_edited=&#8220;on|desktop&#8220; header_font_size_last_edited=&#8220;on|phone&#8220; sticky_enabled=&#8220;0&#8243; header_font_size_phone=&#8220;35px&#8220; header_font_tablet=&#8220;DIN Condensed|||on|||||&#8220; header_font_phone=&#8220;DIN Condensed|||on|||||&#8220; header_font_size_tablet=&#8220;41px&#8220;]<\/p>\n<h1><strong>Datenschutzerkl\u00e4rung<\/strong><\/h1>\n<p><strong><\/strong><\/p>\n<p><strong><\/strong><\/p>\n<h2><strong>Datenschutz<\/strong><\/h2>\n<h3>Wir haben diese Datenschutzerkl\u00e4rung verfasst, um Ihnen gem\u00e4\u00df den Vorgaben der Datenschutz-Grundverordnung (EU) 2016\/679 zu erkl\u00e4ren, welche Informationen wir sammeln, wie wir Daten verwenden und welche Entscheidungsm\u00f6glichkeiten Sie als Besucher dieser Webseite haben. \u00a0Der Schutz Ihrer pers\u00f6nlichen Daten ist uns ein besonderes Anliegen. Wir verarbeiten Ihre Daten daher ausschlie\u00dflich auf Grundlage der gesetzlichen Bestimmungen (DSGVO, TKG 2003). In diesen Datenschutzinformationen informieren wir Sie \u00fcber die wichtigsten Aspekte der Datenverarbeitung im Rahmen unserer Website.<\/h3>\n<p>&nbsp;<\/p>\n<h2><strong>Automatische Datenspeicherung<\/strong><\/h2>\n<h3>Wenn Sie heutzutage Webseiten besuchen, werden gewisse Informationen automatisch erstellt und gespeichert, so auch auf dieser Webseite. Wenn Sie unsere Webseite so wie jetzt gerade besuchen, speichert unser Webserver (Computer, auf dem diese Webseite gespeichert ist) automatisch Daten wie die Adresse (URL) der aufgerufenen Webseite Browser und Browserversion das verwendete Betriebssystem die Adresse (URL) der zuvor besuchten Seite (Referrer URL) den Hostname und die IP-Adresse des Ger\u00e4ts von welchem aus zugegriffen wird Datum und Uhrzeit in Dateien (Webserver-Logfiles). In der Regel werden Webserver-Logfiles zwei Wochen gespeichert und danach automatisch gel\u00f6scht. Wir geben diese Daten nicht weiter, k\u00f6nnen jedoch nicht ausschlie\u00dfen, dass diese Daten beim Vorliegen von rechtswidrigem Verhalten eingesehen werden.<\/h3>\n<h3><\/h3>\n<h2><strong>Kontakt mit uns\u00a0<\/strong><\/h2>\n<h3>Wenn Sie per E-Mail-Kontakt mit uns aufnehmen, werden Ihre angegebenen Daten zwecks Bearbeitung der Anfrage und f\u00fcr den Fall von Anschlussfragen sechs Monate bei uns gespeichert. Diese Daten geben wir nicht ohne Ihre Einwilligung weiter.<\/h3>\n<h3><\/h3>\n<h2><strong>Cookies<\/strong><\/h2>\n<h3>Unsere Website verwendet so genannte Cookies. Cookies richten auf Ihrem Rechner keinen Schaden an und enthalten keine Viren. Cookies dienen dazu, unser Angebot nutzerfreundlicher, effektiver und sicherer zu machen. Cookies sind kleine Textdateien, die auf Ihrem Rechner abgelegt werden und die Ihr Browser speichert. Die meisten der von uns verwendeten Cookies sind so genannte \u201eSession-Cookies&#8220;. Sie werden nach Ende Ihres Besuchs automatisch gel\u00f6scht. Andere Cookies bleiben auf Ihrem Endger\u00e4t gespeichert, bis Sie diese l\u00f6schen. Diese Cookies erm\u00f6glichen es uns, Ihren Browser beim n\u00e4chsten Besuch wiederzuerkennen. Sie k\u00f6nnen Ihren Browser so einstellen, dass Sie \u00fcber das Setzen von Cookies informiert werden und Cookies nur im Einzelfall erlauben, die Annahme von Cookies f\u00fcr bestimmte F\u00e4lle oder generell ausschlie\u00dfen sowie das automatische L\u00f6schen der Cookies beim Schlie\u00dfen des Browsers aktivieren. Bei der Deaktivierung von Cookies kann die Funktionalit\u00e4t dieser Website eingeschr\u00e4nkt sein.<\/h3>\n<h3><\/h3>\n<h2><strong>Web-Analyse<\/strong><\/h2>\n<h3>Diese Website benutzt Google Analytics, einen Webanalysedienst der Google Inc. (\u201eGoogle&#8220;). Google Analytics verwendet sog. \u201eCookies&#8220;, Textdateien, die auf Ihrem Computer gespeichert werden und die eine Analyse der Benutzung der Website durch Sie erm\u00f6glichen. Die durch das Cookie erzeugten Informationen \u00fcber Ihre Benutzung dieser Website (einschlie\u00dflich Ihrer IP-Adresse) wird an einen Server von Google in den USA \u00fcbertragen und dort gespeichert. Google wird diese Informationen benutzen, um Ihre Nutzung der Website auszuwerten, um Reports \u00fcber die Websiteaktivit\u00e4ten f\u00fcr die Websitebetreiber zusammenzustellen und um weitere mit der Websitenutzung und der Internetnutzung verbundene Dienstleistungen zu erbringen. Auch wird Google diese Informationen gegebenenfalls an Dritte \u00fcbertragen, sofern dies gesetzlich vorgeschrieben oder soweit Dritte diese Daten im Auftrag von Google verarbeiten. Google wird in keinem Fall Ihre IP-Adresse mit anderen Daten von Google in Verbindung bringen. Sie k\u00f6nnen die Installation der Cookies durch eine entsprechende Einstellung Ihrer Browser Software verhindern; wir weisen Sie jedoch darauf hin, dass Sie in diesem Fall gegebenenfalls nicht s\u00e4mtliche Funktionen dieser Website vollumf\u00e4nglich nutzen k\u00f6nnen. Durch die Nutzung dieser Website erkl\u00e4ren Sie sich mit der Bearbeitung der \u00fcber Sie erhobenen Daten durch Google in der zuvor beschriebenen Art und Weise und zu dem zuvor benannten Zweck einverstanden.<\/h3>\n<h3><\/h3>\n<h3>Des Weiteren weisen wir darauf hin, dass Drittanbieter, einschlie\u00dflich Google, Anzeigen auf Websites im Internet schalten, Drittanbieter, einschlie\u00dflich Google, Cookies zum Schalten von Anzeigen auf Grundlage vorheriger Besuche eines Nutzers auf unserer Website verwenden, Sie, als Nutzer die Verwendung von Cookies durch Google deaktivieren k\u00f6nnen, indem sie die Seite zur Deaktivierung von Google-Werbung aufrufen.<\/h3>\n<h3><\/h3>\n<h2><strong>Google Maps Datenschutzerkl\u00e4rung<\/strong><\/h2>\n<h3>Wir ben\u00fctzen auf unserer Website Google Maps der Firma Google Inc. (1600 Amphitheatre Parkway Mountain View, CA 94043, USA). Mit Google Maps k\u00f6nnen wir Ihnen Standorte besser zeigen und damit unser Service an Ihre Bed\u00fcrfnisse anpassen. Durch die Verwendung von Google Maps werden Daten an Google \u00fcbertragen und auf den Google-Servern gespeichert. Hier wollen wir nun genauer darauf eingehen, was Google Maps ist, warum wir diesen Google-Dienst in Anspruch nehmen, welche Daten gespeichert werden und wie Sie dies unterbinden k\u00f6nnen.<\/h3>\n<h3><\/h3>\n<h2><strong>Ihre Rechte<\/strong><\/h2>\n<h3>Ihnen stehen bez\u00fcglich Ihrer bei uns gespeicherten Daten grunds\u00e4tzlich die Rechte auf Auskunft, Berichtigung, L\u00f6schung, Einschr\u00e4nkung, Daten\u00fcbertragbarkeit, Widerruf und Widerspruch zu. Wenn Sie glauben, dass die Verarbeitung Ihrer Daten gegen das Datenschutzrecht verst\u00f6\u00dft oder Ihre datenschutzrechtlichen Anspr\u00fcche sonst in einer Weise verletzt worden sind, k\u00f6nnen Sie sich bei uns per E-Mail physiotherapie.brennsteiner@make-it-happen.tirol oder der Datenschutzbeh\u00f6rde beschweren.<\/h3>\n<h3><\/h3>\n<h2><strong>Eingebettete Social Media Elemente Datenschutzerkl\u00e4rung<\/strong><\/h2>\n<h3>Wir binden auf unserer Webseite Elemente von Social Media Diensten ein um Bilder, Videos und Texte anzuzeigen. Durch den Besuch von Seiten, die diese Elemente darstellen, werden Daten von Ihrem Browser zum jeweiligen Social Media Dienst \u00fcbertragen und dort gespeichert. Wir haben keinen Zugriff auf diese Daten. Die folgenden Links f\u00fchren Sie zu den Seiten der jeweiligen Social Media Dienste wo erkl\u00e4rt wird, wie diese mit Ihren Daten umgehen:<\/h3>\n<h3><\/h3>\n<h2><strong>Instagram-Datenschutzrichtlinie<\/strong><\/h2>\n<h3>\u00a0https:\/\/help.instagram.com\/519522125107875<\/h3>\n<h3>F\u00fcr YouTube gilt die Google Datenschutzerkl\u00e4rung: https:\/\/policies.google.com\/privacy?hl=de<\/h3>\n<h3>Facebook-Datenrichtline: https:\/\/www.facebook.com\/about\/privacy<\/h3>\n<h3><\/h3>\n<h2><strong>Facebook Datenschutzerkl\u00e4rung<\/strong><\/h2>\n<h3>Wir verwenden auf unserer Webseite ausgew\u00e4hlte Facebook Tools von Facebook. Facebook ist ein Social Media Network des Unternehmens Facebook Ireland Ltd., 4 Grand Canal Square, Grand Canal Harbour, Dublin 2 Ireland. Mithilfe dieser Tools k\u00f6nnen wir Ihnen und Menschen, die sich f\u00fcr unsere Produkte und Dienstleistungen interessieren, das bestm\u00f6gliche Angebot bieten.<\/h3>\n<h3><\/h3>\n<h2><strong>Instagram Datenschutzerkl\u00e4rung<\/strong><\/h2>\n<h3>Wir haben auf unserer Webseite Funktionen von Instagram eingebaut. Instagram ist eine Social Media Plattform des Unternehmens Instagram LLC, 1601 Willow Rd, Menlo Park CA 94025, USA. Instagram ist seit 2012 ein Tochterunternehmen von Facebook Inc. und geh\u00f6rt zu den Facebook-Produkten. Das Einbetten von Instagram-Inhalten auf unserer Webseite nennt man Embedding. Dadurch k\u00f6nnen wir Ihnen Inhalte wie Buttons, Fotos oder Videos von Instagram direkt auf unserer Webseite zeigen. Wenn Sie Webseiten unserer Webpr\u00e4senz aufrufen, die eine Instagram-Funktion integriert haben, werden Daten an Instagram \u00fcbermittelt, gespeichert und verarbeitet. Instagram verwendet dieselben Systeme und Technologien wie Facebook. Ihre Daten werden somit \u00fcber alle Facebook-Firmen hinweg verarbeitet.<\/h3>\n<h3><\/h3>\n<h2><strong>Wie kann ich meine Daten l\u00f6schen bzw. die Datenspeicherung verhindern?<\/strong><\/h2>\n<h3>Grunds\u00e4tzlich k\u00f6nnen Sie Daten im Google Konto manuell l\u00f6schen. Mit der 2019 eingef\u00fchrten automatische L\u00f6schfunktion von Standort- und Aktivit\u00e4tsdaten werden Informationen abh\u00e4ngig von Ihrer Entscheidung \u2013 entweder 3 oder 18 Monate gespeichert und dann gel\u00f6scht. Unabh\u00e4ngig, ob Sie ein Google-Konto haben oder nicht, k\u00f6nnen Sie Ihren Browser so konfigurieren, dass Cookies von Google gel\u00f6scht bzw. deaktiviert werden. Je nach dem welchen Browser Sie verwenden, funktioniert dies auf unterschiedliche Art und Weise. Die folgenden Anleitungen zeigen, wie Sie Cookies in Ihrem Browser verwalten:<\/h3>\n<h3><\/h3>\n<h3><em>Chrome:<\/em> Cookies in Chrome l\u00f6schen, aktivieren und verwalten<\/h3>\n<h3><em>Safari:<\/em> Verwalten von Cookies und Websitedaten mit Safari<\/h3>\n<h3><em>Firefox:<\/em> Cookies l\u00f6schen, um Daten zu entfernen, die Websites auf Ihrem Computer abgelegt haben<\/h3>\n<h3><em>Internet Explorer:<\/em> L\u00f6schen und Verwalten von Cookies<\/h3>\n<h3><em>Microsoft Edge:<\/em> L\u00f6schen und Verwalten von Cookies<\/h3>\n<p>[\/et_pb_text][\/et_pb_column][\/et_pb_row][\/et_pb_section]<\/p>\n","protected":false},"excerpt":{"rendered":"<p>Datenschutzerkl\u00e4rung Datenschutz Wir haben diese Datenschutzerkl\u00e4rung verfasst, um Ihnen gem\u00e4\u00df den Vorgaben der Datenschutz-Grundverordnung (EU) 2016\/679 zu erkl\u00e4ren, welche Informationen wir sammeln, wie wir Daten verwenden und welche Entscheidungsm\u00f6glichkeiten Sie als Besucher dieser Webseite haben. \u00a0Der Schutz Ihrer pers\u00f6nlichen Daten ist uns ein besonderes Anliegen. Wir verarbeiten Ihre Daten daher ausschlie\u00dflich auf Grundlage der gesetzlichen [&hellip;]<\/p>\n","protected":false},"author":1,"featured_media":0,"parent":0,"menu_order":0,"comment_status":"closed","ping_status":"closed","template":"","meta":{"_et_pb_use_builder":"on","_et_pb_old_content":"","_et_gb_content_width":"","footnotes":""},"class_list":["post-33","page","type-page","status-publish","hentry"],"_links":{"self":[{"href":"https:\/\/make-it-happen.tirol\/index.php?rest_route=\/wp\/v2\/pages\/33","targetHints":{"allow":["GET"]}}],"collection":[{"href":"https:\/\/make-it-happen.tirol\/index.php?rest_route=\/wp\/v2\/pages"}],"about":[{"href":"https:\/\/make-it-happen.tirol\/index.php?rest_route=\/wp\/v2\/types\/page"}],"author":[{"embeddable":true,"href":"https:\/\/make-it-happen.tirol\/index.php?rest_route=\/wp\/v2\/users\/1"}],"replies":[{"embeddable":true,"href":"https:\/\/make-it-happen.tirol\/index.php?rest_route=%2Fwp%2Fv2%2Fcomments&post=33"}],"version-history":[{"count":9,"href":"https:\/\/make-it-happen.tirol\/index.php?rest_route=\/wp\/v2\/pages\/33\/revisions"}],"predecessor-version":[{"id":460,"href":"https:\/\/make-it-happen.tirol\/index.php?rest_route=\/wp\/v2\/pages\/33\/revisions\/460"}],"wp:attachment":[{"href":"https:\/\/make-it-happen.tirol\/index.php?rest_route=%2Fwp%2Fv2%2Fmedia&parent=33"}],"curies":[{"name":"wp","href":"https:\/\/api.w.org\/{rel}","templated":true}]}}