{"id":23,"date":"2022-01-29T10:22:01","date_gmt":"2022-01-29T10:22:01","guid":{"rendered":"https:\/\/make-it-happen.tirol\/?page_id=23"},"modified":"2022-11-22T15:46:18","modified_gmt":"2022-11-22T15:46:18","slug":"leistungen","status":"publish","type":"page","link":"https:\/\/make-it-happen.tirol\/?page_id=23","title":{"rendered":"Leistungen"},"content":{"rendered":"<p>[et_pb_section fb_built=&#8220;1&#8243; custom_padding_last_edited=&#8220;on|phone&#8220; _builder_version=&#8220;4.14.7&#8243; _module_preset=&#8220;default&#8220; background_image=&#8220;https:\/\/make-it-happen.tirol\/wp-content\/uploads\/2022\/01\/Home-01.jpg&#8220; custom_padding=&#8220;224px||472px|||&#8220; custom_padding_tablet=&#8220;224px||472px|||&#8220; custom_padding_phone=&#8220;40%||20%||false|false&#8220; hover_enabled=&#8220;0&#8243; global_colors_info=&#8220;{}&#8220; sticky_enabled=&#8220;0&#8243;][et_pb_row _builder_version=&#8220;4.14.7&#8243; _module_preset=&#8220;default&#8220; width=&#8220;100%&#8220; max_width=&#8220;100%&#8220; module_alignment=&#8220;center&#8220; custom_margin_tablet=&#8220;260px||||false|false&#8220; custom_margin_phone=&#8220;30px||||false|false&#8220; custom_margin_last_edited=&#8220;on|tablet&#8220; custom_padding=&#8220;0px||0px|||&#8220; global_colors_info=&#8220;{}&#8220;][et_pb_column type=&#8220;4_4&#8243; _builder_version=&#8220;4.14.7&#8243; _module_preset=&#8220;default&#8220; global_colors_info=&#8220;{}&#8220;][et_pb_text _builder_version=&#8220;4.14.7&#8243; _module_preset=&#8220;default&#8220; text_font=&#8220;DIN Condensed||||||||&#8220; text_text_color=&#8220;#FFFFFF&#8220; text_font_size=&#8220;20vh&#8220; text_line_height=&#8220;1.5em&#8220; header_font=&#8220;DIN Condensed|||on|||||&#8220; header_text_color=&#8220;#FFFFFF&#8220; header_font_size=&#8220;30vh&#8220; header_2_font=&#8220;Roboto|300||on|||||&#8220; header_2_text_color=&#8220;#FFFFFF&#8220; header_2_font_size=&#8220;100px&#8220; header_2_line_height=&#8220;1.2em&#8220; header_3_font=&#8220;DIN Condensed|||on|||||&#8220; header_3_text_color=&#8220;#FFFFFF&#8220; header_3_font_size=&#8220;30vh&#8220; text_orientation=&#8220;center&#8220; custom_padding=&#8220;0px||0px|||&#8220; hover_enabled=&#8220;0&#8243; header_font_size_tablet=&#8220;12vh&#8220; header_font_size_phone=&#8220;9vh&#8220; header_font_size_last_edited=&#8220;on|phone&#8220; header_2_font_size_tablet=&#8220;4vh&#8220; header_2_font_size_phone=&#8220;3vh&#8220; header_2_font_size_last_edited=&#8220;on|tablet&#8220; header_3_font_size_tablet=&#8220;12vh&#8220; header_3_font_size_phone=&#8220;9vh&#8220; header_3_font_size_last_edited=&#8220;on|phone&#8220; global_colors_info=&#8220;{}&#8220; sticky_enabled=&#8220;0&#8243;]<\/p>\n<h2 style=\"text-align: center;\">How we<\/h2>\n<h3 style=\"text-align: center;\">Make it happen<\/h3>\n<p>[\/et_pb_text][\/et_pb_column][\/et_pb_row][\/et_pb_section][et_pb_section fb_built=&#8220;1&#8243; custom_padding_last_edited=&#8220;on|phone&#8220; _builder_version=&#8220;4.14.7&#8243; _module_preset=&#8220;default&#8220; background_color=&#8220;#222222&#8243; custom_margin=&#8220;-92px||||false|false&#8220; custom_padding=&#8220;216px||142px||false|false&#8220; custom_padding_tablet=&#8220;216px||142px||false|false&#8220; custom_padding_phone=&#8220;20%||20%||false|false&#8220; global_colors_info=&#8220;{}&#8220;][et_pb_row _builder_version=&#8220;4.14.7&#8243; _module_preset=&#8220;default&#8220; width=&#8220;40%&#8220; width_tablet=&#8220;71%&#8220; width_phone=&#8220;74%&#8220; width_last_edited=&#8220;on|desktop&#8220; custom_margin=&#8220;|auto|7%|auto|false|false&#8220; global_colors_info=&#8220;{}&#8220;][et_pb_column type=&#8220;4_4&#8243; _builder_version=&#8220;4.14.7&#8243; _module_preset=&#8220;default&#8220; global_colors_info=&#8220;{}&#8220;][et_pb_text _builder_version=&#8220;4.14.7&#8243; _module_preset=&#8220;default&#8220; text_font=&#8220;Roboto|300|||||||&#8220; text_text_color=&#8220;#FFFFFF&#8220; text_font_size=&#8220;9px&#8220; header_font=&#8220;DIN Condensed|||on|||||&#8220; header_text_align=&#8220;center&#8220; header_text_color=&#8220;#C7C81A&#8220; header_font_size=&#8220;62px&#8220; header_line_height=&#8220;1.35em&#8220; header_2_font=&#8220;DIN Condensed|||on|||||&#8220; header_2_text_align=&#8220;center&#8220; header_2_text_color=&#8220;#FFFFFF&#8220; header_2_font_size=&#8220;38px&#8220; header_3_font=&#8220;Roboto|300|||||||&#8220; header_3_text_align=&#8220;center&#8220; header_3_text_color=&#8220;#FFFFFF&#8220; header_3_font_size=&#8220;18px&#8220; header_3_line_height=&#8220;1.35em&#8220; custom_margin=&#8220;||||false|false&#8220; text_text_color_tablet=&#8220;#FFFFFF&#8220; text_text_color_phone=&#8220;#FFFFFF&#8220; text_text_color_last_edited=&#8220;on|phone&#8220; header_font_size_tablet=&#8220;62px&#8220; header_font_size_phone=&#8220;32px&#8220; header_font_size_last_edited=&#8220;on|desktop&#8220; header_2_font_size_tablet=&#8220;38px&#8220; header_2_font_size_phone=&#8220;29px&#8220; header_2_font_size_last_edited=&#8220;on|phone&#8220; header_3_font_size_tablet=&#8220;18px&#8220; header_3_font_size_phone=&#8220;14px&#8220; header_3_font_size_last_edited=&#8220;on|phone&#8220; global_colors_info=&#8220;{}&#8220;]<\/p>\n<h1><strong>Physiotherapie<\/strong><\/h1>\n<h3>Die Physiotherapie dient zur Behandlung von k\u00f6rperlichen Beschwerden. Durch Einbindung der anatomischen, physiologischen und psychosozialer Faktoren z\u00e4hlt die Physiotherapie als ganzheitliche Therapie. Ziel in der Physiotherapie ist es die Funktions- und Bewegungsf\u00e4higkeit des menschlichen K\u00f6rpers wiederherzustellen, verbessern oder erhalten.<\/h3>\n<h3><\/h3>\n<p>[\/et_pb_text][\/et_pb_column][\/et_pb_row][et_pb_row _builder_version=&#8220;4.14.7&#8243; _module_preset=&#8220;default&#8220; width=&#8220;40%&#8220; width_tablet=&#8220;71%&#8220; width_phone=&#8220;74%&#8220; width_last_edited=&#8220;on|desktop&#8220; custom_margin=&#8220;|auto|7%|auto|false|false&#8220; global_colors_info=&#8220;{}&#8220;][et_pb_column type=&#8220;4_4&#8243; _builder_version=&#8220;4.14.7&#8243; _module_preset=&#8220;default&#8220; global_colors_info=&#8220;{}&#8220;][et_pb_text _builder_version=&#8220;4.14.7&#8243; _module_preset=&#8220;default&#8220; text_font=&#8220;Roboto|300|||||||&#8220; text_text_color=&#8220;#FFFFFF&#8220; text_font_size=&#8220;9px&#8220; header_font=&#8220;DIN Condensed|||on|||||&#8220; header_text_align=&#8220;center&#8220; header_text_color=&#8220;#C7C81A&#8220; header_font_size=&#8220;62px&#8220; header_line_height=&#8220;1.35em&#8220; header_2_font=&#8220;DIN Condensed|||on|||||&#8220; header_2_text_align=&#8220;center&#8220; header_2_text_color=&#8220;#FFFFFF&#8220; header_2_font_size=&#8220;38px&#8220; header_3_font=&#8220;Roboto|300|||||||&#8220; header_3_text_align=&#8220;center&#8220; header_3_text_color=&#8220;#FFFFFF&#8220; header_3_font_size=&#8220;18px&#8220; header_3_line_height=&#8220;1.35em&#8220; custom_margin=&#8220;||||false|false&#8220; text_text_color_tablet=&#8220;#FFFFFF&#8220; text_text_color_phone=&#8220;#FFFFFF&#8220; text_text_color_last_edited=&#8220;on|phone&#8220; header_font_size_tablet=&#8220;62px&#8220; header_font_size_phone=&#8220;32px&#8220; header_font_size_last_edited=&#8220;on|desktop&#8220; header_2_font_size_tablet=&#8220;38px&#8220; header_2_font_size_phone=&#8220;29px&#8220; header_2_font_size_last_edited=&#8220;on|phone&#8220; header_3_font_size_tablet=&#8220;18px&#8220; header_3_font_size_phone=&#8220;14px&#8220; header_3_font_size_last_edited=&#8220;on|phone&#8220; global_colors_info=&#8220;{}&#8220;]<\/p>\n<h1><strong>Sportphysiotherapie<\/strong><\/h1>\n<h3>In der Sportphysiotherapie geht es darum die k\u00f6rperlichen Strukturen an die jeweilige Sportart anzupassen. Dabei spielen die Rehabilitation sowie die Pr\u00e4vention eine wichtige Rolle.<\/h3>\n<h3>Um \u00dcberbelastungen und Verletzungen vorzubeugen ist die Pr\u00e4vention ein gro\u00dfes Thema der Sportphysiotherapie. Durch gezielte Trainings- und Belastungssteuerung wird das Verletzungsrisiko reduziert und die sportliche Leistung gesteigert.<\/h3>\n<h3>In der Phase der Rehabilitation werden die betroffen k\u00f6rperlichen Strukturen gest\u00e4rkt und auf die sportartspezifischen Belastungen vorbereitet.<\/h3>\n<h3><\/h3>\n<p>[\/et_pb_text][\/et_pb_column][\/et_pb_row][et_pb_row _builder_version=&#8220;4.14.7&#8243; _module_preset=&#8220;default&#8220; width=&#8220;40%&#8220; width_tablet=&#8220;71%&#8220; width_phone=&#8220;74%&#8220; width_last_edited=&#8220;on|desktop&#8220; custom_margin=&#8220;|auto|7%|auto|false|false&#8220; global_colors_info=&#8220;{}&#8220;][et_pb_column type=&#8220;4_4&#8243; _builder_version=&#8220;4.14.7&#8243; _module_preset=&#8220;default&#8220; global_colors_info=&#8220;{}&#8220;][et_pb_text _builder_version=&#8220;4.14.7&#8243; _module_preset=&#8220;default&#8220; text_font=&#8220;Roboto|300|||||||&#8220; text_text_color=&#8220;#FFFFFF&#8220; text_font_size=&#8220;9px&#8220; header_font=&#8220;DIN Condensed|||on|||||&#8220; header_text_align=&#8220;center&#8220; header_text_color=&#8220;#C7C81A&#8220; header_font_size=&#8220;62px&#8220; header_line_height=&#8220;1.35em&#8220; header_2_font=&#8220;DIN Condensed|||on|||||&#8220; header_2_text_align=&#8220;center&#8220; header_2_text_color=&#8220;#FFFFFF&#8220; header_2_font_size=&#8220;38px&#8220; header_3_font=&#8220;Roboto|300|||||||&#8220; header_3_text_align=&#8220;center&#8220; header_3_text_color=&#8220;#FFFFFF&#8220; header_3_font_size=&#8220;18px&#8220; header_3_line_height=&#8220;1.35em&#8220; custom_margin=&#8220;||||false|false&#8220; text_text_color_tablet=&#8220;#FFFFFF&#8220; text_text_color_phone=&#8220;#FFFFFF&#8220; text_text_color_last_edited=&#8220;on|phone&#8220; header_font_size_tablet=&#8220;62px&#8220; header_font_size_phone=&#8220;32px&#8220; header_font_size_last_edited=&#8220;on|desktop&#8220; header_2_font_size_tablet=&#8220;38px&#8220; header_2_font_size_phone=&#8220;29px&#8220; header_2_font_size_last_edited=&#8220;on|phone&#8220; header_3_font_size_tablet=&#8220;18px&#8220; header_3_font_size_phone=&#8220;14px&#8220; header_3_font_size_last_edited=&#8220;on|phone&#8220; global_colors_info=&#8220;{}&#8220;]<\/p>\n<h1><strong>Leistungsdiagnostik<\/strong><\/h1>\n<h2><strong><\/strong><\/h2>\n<h2><strong><\/strong><\/h2>\n<h2><strong>Laktatdiagnostik<\/strong><\/h2>\n<h3>Bei der Laktatleistungsdiagnostik wird die aerobe und anaerobe Ausdauerleistungsf\u00e4higkeit untersucht. Anhand der Ergebnisse lassen sich individuelle Schwellenwerte bestimmen, die f\u00fcr die Trainingssteuerung genutzt werden k\u00f6nnen.<\/h3>\n<p>&nbsp;<\/p>\n<p>&nbsp;<\/p>\n<h2><strong>Spiroergometrie<\/strong><\/h2>\n<h3>Als Spiroergometrie wird eine medizinische Untersuchung der Atemgase bei kontrollierter k\u00f6rperlicher Belastung bezeichnet. Durch das Messen der maximalen Sauerstoffaufnahme (VO2max) l\u00e4sst sich die Leistungsf\u00e4higkeit der sauerstoffaufnehmenden Teilsysteme abbilden.<\/h3>\n<h2><strong><\/strong><\/h2>\n<p><strong><\/strong><\/p>\n<p><strong><\/strong><\/p>\n<p><strong><\/strong><\/p>\n<p><strong><\/strong><\/p>\n<p><strong><\/strong><\/p>\n<p><strong><\/strong><\/p>\n<h2><strong><\/strong><\/h2>\n<h2><strong>Testbatterien<\/strong><\/h2>\n<h3>Sportartspezifische Tests bilden eine M\u00f6glichkeit zur objektiven Erfassung der aktuellen k\u00f6rperlichen Verfassung.<\/h3>\n<p>[\/et_pb_text][\/et_pb_column][\/et_pb_row][et_pb_row _builder_version=&#8220;4.14.7&#8243; _module_preset=&#8220;default&#8220; width=&#8220;40%&#8220; width_tablet=&#8220;71%&#8220; width_phone=&#8220;74%&#8220; width_last_edited=&#8220;on|desktop&#8220; custom_margin=&#8220;|auto|7%|auto|false|false&#8220; global_colors_info=&#8220;{}&#8220;][et_pb_column type=&#8220;4_4&#8243; _builder_version=&#8220;4.14.7&#8243; _module_preset=&#8220;default&#8220; global_colors_info=&#8220;{}&#8220;][et_pb_text _builder_version=&#8220;4.14.7&#8243; _module_preset=&#8220;default&#8220; text_font=&#8220;Roboto|300|||||||&#8220; text_text_color=&#8220;#FFFFFF&#8220; text_font_size=&#8220;9px&#8220; header_font=&#8220;DIN Condensed|||on|||||&#8220; header_text_align=&#8220;center&#8220; header_text_color=&#8220;#C7C81A&#8220; header_font_size=&#8220;62px&#8220; header_line_height=&#8220;1.35em&#8220; header_2_font=&#8220;DIN Condensed|||on|||||&#8220; header_2_text_align=&#8220;center&#8220; header_2_text_color=&#8220;#FFFFFF&#8220; header_2_font_size=&#8220;38px&#8220; header_3_font=&#8220;Roboto|300|||||||&#8220; header_3_text_align=&#8220;center&#8220; header_3_text_color=&#8220;#FFFFFF&#8220; header_3_font_size=&#8220;18px&#8220; header_3_line_height=&#8220;1.35em&#8220; custom_margin=&#8220;||||false|false&#8220; text_text_color_tablet=&#8220;#FFFFFF&#8220; text_text_color_phone=&#8220;#FFFFFF&#8220; text_text_color_last_edited=&#8220;on|phone&#8220; header_font_size_tablet=&#8220;62px&#8220; header_font_size_phone=&#8220;32px&#8220; header_font_size_last_edited=&#8220;on|desktop&#8220; header_2_font_size_tablet=&#8220;38px&#8220; header_2_font_size_phone=&#8220;29px&#8220; header_2_font_size_last_edited=&#8220;on|phone&#8220; header_3_font_size_tablet=&#8220;18px&#8220; header_3_font_size_phone=&#8220;14px&#8220; header_3_font_size_last_edited=&#8220;on|phone&#8220; global_colors_info=&#8220;{}&#8220;]<\/p>\n<h1><strong>Massage \/ Lymphdrainage<\/strong><\/h1>\n<h3>Bei der Massage kommen gezielte Weichteiltechniken zum Einsatz, wodurch die Muskelspannung reguliert werden kann.<br \/>Unter Lymphdrainage versteht man die Aktivierung des gesamten lymphatischem Systems. Dort wird gezielt der Abtransport von Fl\u00fcssigkeiten wie z.B. Schwellungs- und Entz\u00fcndungsmediatoren gef\u00f6rdert.<\/h3>\n<p>[\/et_pb_text][\/et_pb_column][\/et_pb_row][\/et_pb_section]<\/p>\n","protected":false},"excerpt":{"rendered":"<p>How we Make it happenPhysiotherapie Die Physiotherapie dient zur Behandlung von k\u00f6rperlichen Beschwerden. Durch Einbindung der anatomischen, physiologischen und psychosozialer Faktoren z\u00e4hlt die Physiotherapie als ganzheitliche Therapie. Ziel in der Physiotherapie ist es die Funktions- und Bewegungsf\u00e4higkeit des menschlichen K\u00f6rpers wiederherzustellen, verbessern oder erhalten. Sportphysiotherapie In der Sportphysiotherapie geht es darum die k\u00f6rperlichen Strukturen an [&hellip;]<\/p>\n","protected":false},"author":1,"featured_media":0,"parent":0,"menu_order":0,"comment_status":"closed","ping_status":"closed","template":"","meta":{"_et_pb_use_builder":"on","_et_pb_old_content":"","_et_gb_content_width":"","footnotes":""},"class_list":["post-23","page","type-page","status-publish","hentry"],"_links":{"self":[{"href":"https:\/\/make-it-happen.tirol\/index.php?rest_route=\/wp\/v2\/pages\/23","targetHints":{"allow":["GET"]}}],"collection":[{"href":"https:\/\/make-it-happen.tirol\/index.php?rest_route=\/wp\/v2\/pages"}],"about":[{"href":"https:\/\/make-it-happen.tirol\/index.php?rest_route=\/wp\/v2\/types\/page"}],"author":[{"embeddable":true,"href":"https:\/\/make-it-happen.tirol\/index.php?rest_route=\/wp\/v2\/users\/1"}],"replies":[{"embeddable":true,"href":"https:\/\/make-it-happen.tirol\/index.php?rest_route=%2Fwp%2Fv2%2Fcomments&post=23"}],"version-history":[{"count":42,"href":"https:\/\/make-it-happen.tirol\/index.php?rest_route=\/wp\/v2\/pages\/23\/revisions"}],"predecessor-version":[{"id":547,"href":"https:\/\/make-it-happen.tirol\/index.php?rest_route=\/wp\/v2\/pages\/23\/revisions\/547"}],"wp:attachment":[{"href":"https:\/\/make-it-happen.tirol\/index.php?rest_route=%2Fwp%2Fv2%2Fmedia&parent=23"}],"curies":[{"name":"wp","href":"https:\/\/api.w.org\/{rel}","templated":true}]}}