{"id":142,"date":"2022-02-03T18:07:51","date_gmt":"2022-02-03T18:07:51","guid":{"rendered":"https:\/\/make-it-happen.tirol\/?page_id=142"},"modified":"2022-02-18T18:19:32","modified_gmt":"2022-02-18T18:19:32","slug":"agb","status":"publish","type":"page","link":"https:\/\/make-it-happen.tirol\/?page_id=142","title":{"rendered":"AGB"},"content":{"rendered":"<p>[et_pb_section fb_built=&#8220;1&#8243; _builder_version=&#8220;4.14.7&#8243; _module_preset=&#8220;default&#8220; background_color=&#8220;#222222&#8243; global_colors_info=&#8220;{}&#8220;][et_pb_row _builder_version=&#8220;4.14.7&#8243; _module_preset=&#8220;default&#8220; hover_enabled=&#8220;0&#8243; global_colors_info=&#8220;{}&#8220; custom_margin=&#8220;50px||||false|false&#8220; sticky_enabled=&#8220;0&#8243;][et_pb_column type=&#8220;4_4&#8243; _builder_version=&#8220;4.14.7&#8243; _module_preset=&#8220;default&#8220; global_colors_info=&#8220;{}&#8220;][et_pb_text _builder_version=&#8220;4.14.7&#8243; _module_preset=&#8220;default&#8220; text_text_color=&#8220;#FFFFFF&#8220; header_font=&#8220;DIN Condensed|||on|||||&#8220; header_text_color=&#8220;#FFFFFF&#8220; header_font_size=&#8220;41px&#8220; header_2_font=&#8220;DIN Condensed|||on|||||&#8220; header_2_text_color=&#8220;#FFFFFF&#8220; header_3_font=&#8220;Roboto|300|||||||&#8220; header_3_text_color=&#8220;#FFFFFF&#8220; header_3_font_size=&#8220;16px&#8220; header_3_line_height=&#8220;1.2em&#8220; hover_enabled=&#8220;0&#8243; global_colors_info=&#8220;{}&#8220; header_font_size_last_edited=&#8220;on|phone&#8220; sticky_enabled=&#8220;0&#8243; header_font_size_phone=&#8220;35px&#8220; header_font_size_tablet=&#8220;41px&#8220;]<\/p>\n<h1><strong>ALLGEMEINE GESCH\u00c4FTSBEDINGUNGEN<\/strong><\/h1>\n<h3><\/h3>\n<h3>In der Folge finden sich die allgemeinen Gesch\u00e4ftsbedingungen der Einzelunternehmen Raphael Brus sowie Denis Brennsteiner.<\/h3>\n<h3>Allgemeine Gesch\u00e4ftsbedingungen<br \/>Die Einzelunternehmen Raphael Brus sowie Denis Brennsteiner werden in Folge als Physiotherapie bezeichnet.<\/h3>\n<ol>\n<li>\n<h2>Geltungsbereich<\/h2>\n<\/li>\n<\/ol>\n<h3>Diese Allgemeinen Gesch\u00e4ftsbedingungen (AGB) gelten f\u00fcr alle Dienstleistungen der Physiotherapie, und jeglichen beinhaltenden oder anschlie\u00dfenden Behandlungen verschiedenster Art. Mit der zur Nutzung einer der genannten Dienstleistungen berechtigt, akzeptiert der\/die Patient\/In die nachstehenden Gesch\u00e4ftsbedingungen.<\/h3>\n<ol start=\"2\">\n<li>\n<h2><strong> <\/strong><strong>Nutzungsrecht<\/strong><\/h2>\n<\/li>\n<li>\n<h3><strong>a)<\/strong> Mit der Anmeldung zu einer Therapie ist der\/die Patient\/In berechtigt, die R\u00e4umlichkeiten von der Physiotherapie f\u00fcr die Dauer einer Einheit sowie zu den genehmigten Zeiten au\u00dferhalb der Therapieeinheit zum Trainieren zu nutzen. Der\/die Patient\/In ist berechtigt, vor sowie nach Beendigung der Einheit die R\u00e4umlichkeiten der Physiotherapie zum Umziehen und Duschen zu nutzen.<\/h3>\n<\/li>\n<li>\n<h3><strong>b)<\/strong> Der Patientin \/ dem Patienten stehen grunds\u00e4tzlich alle Leistungen von der Physiotherapie offen. Ein Rechtsanspruch auf die Inanspruchnahme von Leistungen besteht jedoch nicht. Sofern f\u00fcr bestimmte Leistungen besondere pers\u00f6nliche Bedingungen vorausgesetzt sind, m\u00fcssen diese von den Patient\/Innen erf\u00fcllt werden. Sollten diese Bedingungen nicht erf\u00fcllt werden, so besteht keine Verpflichtung zur Leistungserbringung durch die Physiotherapie.<\/h3>\n<\/li>\n<li>\n<h3><strong>c)<\/strong> Der\/die Patient\/In hat sich in den R\u00e4umlichkeiten des Studios stets so zu verhalten, dass es zu keiner St\u00f6rung des Ablaufes der Einheiten kommt, die Einrichtung des Studios pfleglich behandelt wird und es zu keiner Beeintr\u00e4chtigung der anderen Patient\/Innen kommt.<\/h3>\n<h3>Der\/die Patient\/In hat sich an diese Regeln, und im Interesse Aller an pr\u00e4zisierende Weisungen der Mitarbeiter\/Innen von der Physiotherapie zu halten. Die Hausordnung ist zu beachten.<\/h3>\n<\/li>\n<li>\n<h3><strong>d)<\/strong> Physiotherapie ist berechtigt, bei einem groben Versto\u00df gegen eine Hausordnung, gegen die Anstandsregeln, sowie bei T\u00e4tlichkeiten, Bedrohungen, Beleidigungen, sexuelle Bel\u00e4stigungen, Diebstahl oder bei einem groben Versto\u00df gegen die allgemeinen Hygienevorschriften, die Behandlung\/Betreuung des Kunden mit sofortiger Wirkung abzubrechen und die Rechnung f\u00fcr bisher erbrachte Leistungen zu stellen. Schadensersatzanspr\u00fcche bleiben hiervon unber\u00fchrt.<\/h3>\n<\/li>\n<li>\n<h2><strong> <\/strong><strong>Therapieablauf und Konditionen<\/strong><\/h2>\n<\/li>\n<li>\n<h2><strong>a) Therapieablauf<\/strong><\/h2>\n<\/li>\n<li>\n<h2>Pers\u00f6nliche Einzelbetreuung<\/h2>\n<\/li>\n<\/ol>\n<h3>Der\/die Therapeut\/in steht f\u00fcr die Dauer der Behandlung ausschlie\u00dflich der Patientin \/ dem Patienten zur Verf\u00fcgung. Sie\/er ist Ihr\/e Ansprechpartner\/In in organisatorischen und fachlichen Fragen der Behandlung. Die Leistung des\/der Therapeuten\/In setzt sich zusammen aus allen unmittelbar mit und f\u00fcr den Kunden erbrachten Ma\u00dfnahmen wie individuelle Behandlung einschlie\u00dflich Befunderhebung und Beratung, behandlungsbezogene Administration und Terminvergabe, f\u00fcr die Behandlung notwendige Vor- und Nachbereitung wie z.B. Herstellung, Anpassung und Bereitstellen individuellen Therapiematerials, Dokumentation und Verfassen von individuellen Befunden zur Vorlage bei diversen Stellen wie Krankenversicherungstr\u00e4gern, behandelnden \u00c4rzt\/Innen, privaten Versicherungstr\u00e4gern u.m.<\/h3>\n<ol>\n<li>\n<h2><u> \u00c4rztliche Verordnung:<\/u><\/h2>\n<h3>Der Kunde ben\u00f6tigt f\u00fcr die Behandlung durch eine Therapeutin \/ einen Therapeuten eine \u00e4rztliche Verordnung. Diese wird von einem zur Ausstellung dieser Verordnung berechtigten Arzt ausgeh\u00e4ndigt. Neben den pers\u00f6nlichen Daten sowie der Versicherungsnummer, muss die Verordnung eine medizinische Diagnose, die verordnete Behandlung und die Anzahl der verordneten Behandlungen beinhalten.<\/h3>\n<\/li>\n<\/ol>\n<h3>Vom Erfordernis einer \u00e4rztlichen Verordnung kann Abstand genommen werden, wenn es sich bei der Behandlung um eine pr\u00e4ventive Leistung handelt. Diese Leistungen d\u00fcrfen berufsrechtlich nur an Gesunde erbracht werden. Sollte der\/die Patient\/In jedoch unter Schmerzen oder anderen behandlungsbed\u00fcrftigen Leiden leiden, so ist diese\/r verpflichtet, dies sofort dem behandelnden Therapeuten bzw. der behandelnden Therapeutin mitzuteilen.<\/h3>\n<h2><u>III. Befunde:<\/u><\/h2>\n<h3>Der\/die Patient\/in ist aufgefordert alle ihm\/ihr vorliegenden \u00e4rztlichen Befunde und Berichte zur ersten Behandlung mitzunehmen.<\/h3>\n<ol>\n<li>\n<h2><u> Chef\u00e4rztliche Genehmigung Ihres Krankenversicherungstr\u00e4gers:<\/u><\/h2>\n<\/li>\n<\/ol>\n<h3>Der jeweilige Krankenversicherungstr\u00e4ger \u00fcbernimmt einen Teil der Behandlungskosten. Dazu ben\u00f6tigt man eine Bewilligung der \u00e4rztlichen Verordnung durch die chef\u00e4rztliche Abteilung der zust\u00e4ndigen Krankenversicherung der Patientin \/ des Patienten. Damit bewilligt der Krankenversicherungstr\u00e4ger die R\u00fcckerstattung der anteiligen Kosten nach erfolgter Durchf\u00fchrung der Behandlung.<\/h3>\n<h3>Der\/die Patient\/In hat im Anschluss die M\u00f6glichkeit die chef\u00e4rztlich bewilligte \u00e4rztliche Verordnung und die von der Therapeutin \/ dem Therapeuten ausgestellte Honorarnote inklusive einer Leistungsaufstellung und Einzahlungsbest\u00e4tigung wie z.B. Zahlscheinbeleg, Netbankingausdruck, Kontoauszug oder Stempel auf der Honorarnote, bei dem Krankenversicherungstr\u00e4ger einzureichen und um \u00dcberweisung auf ein von dem Kunden angegebenes Konto oder Postanweisung des gem\u00e4\u00df Kassentarif des Sozialversicherungstr\u00e4gers zum Kostenersatz gelangenden Betrages anzusuchen.<br \/>Der\/die Therapeut\/In sowie das Sekretariat ber\u00e4t bez\u00fcglich der ungef\u00e4hren H\u00f6he des Betrages, den die jeweilige Krankenversicherung r\u00fcckerstattet. Angaben zum zu erwartenden Kostenersatz k\u00f6nnen nur unter Vorbehalt der Entscheidung des Sozialversicherungstr\u00e4gers gegeben werden.<\/h3>\n<ol>\n<li>\n<h2><u> Verschwiegenheit:<\/u><\/h2>\n<h3>Alle Informationen, die der Therapeutin \/ dem Therapeuten gegeben werden, unterliegen laut \u00a711c des MTT-Gesetzes der absoluten Verschwiegenheitspflicht. Ohne der Einwilligung des Kunden werden diese Informationen keiner anderen Person weitergegeben. Sollte sich eine Informationsweitergabe aus medizinisch- therapeutischen Gr\u00fcnden als sinnvoll erweisen, wird sich der\/die Therapeut\/In mit der Patientin \/ dem Patienten dar\u00fcber beraten. Dasselbe gilt f\u00fcr die aus gesetzlichen Gr\u00fcnden verpflichtende Dokumentation.<\/h3>\n<\/li>\n<li>\n<h2><u> Dokumentation:<\/u><\/h2>\n<\/li>\n<\/ol>\n<h3>Jede\/r Therapeut\/In ist gesetzlich zur Dokumentation u.a. der therapeutischen Ma\u00dfnahmen in einer Krankengeschichte verpflichtet. Die Dokumentation steht im Eigentum der Therapeutin \/ des Therapeuten. Auf Verlangen der Patientin \/ des Patienten kann der\/die Patient\/In Einsicht in die Dokumentation nehmen und gegen Kostenersatz Kopien erhalten. Nach Beendigung der Behandlung verbleibt die Dokumentation bei dem\/der Physiotherapeut\/in und wird \u00fcber den gesetzlich verpflichtenden Zeitraum von 10 Jahren aufbewahrt.<\/h3>\n<ol>\n<li>\n<h2><strong>b) Buchen von Einheiten<\/strong><\/h2>\n<\/li>\n<\/ol>\n<h3>Das Buchen von Therapieeinheiten kann pers\u00f6nlich in der Physiotherapie oder telefonisch mit dem Therapeuten \/der Therapeutinerfolgen, wobei ein verf\u00fcgbarer Termin bei dem Therapeuten der Therapeutin daf\u00fcr Voraussetzung sind.<\/h3>\n<ol>\n<li>\n<h2><strong>c) Preise und Zahlung:<\/strong><\/h2>\n<\/li>\n<\/ol>\n<h3>Die Zahlung erfolgt am Ende aller \u00e4rztlich verordneter Behandlungen bzw. nach eventuell fr\u00fchzeitiger Beendigung der Therapien durch der Therapeutin \/ den Therapeuten. Der Patientin \/ dem Patienten wird dazu eine Honorarnote \u00fcber die Gesamtkosten der Behandlungssitzungen ausgeh\u00e4ndigt. Als Zahlungsm\u00f6glichkeit ist die Zahlung \u00fcber Erlagschein bzw. Bank\u00fcberweisung zur Auswahl. Zahlungsverzug tritt ein, sollte die Forderung nicht innerhalb einer gesetzten Frist beglichen werden. Diese Frist ist auf der ausgeh\u00e4ndigten Honorarnote ersichtlich. Etwaige Bearbeitungsgeb\u00fchren und gerichtliche Mahngeb\u00fchren tr\u00e4gt der\/die Patient\/In in vollem Umfang.<\/h3>\n<ol>\n<li>\n<h2><strong>d) Stornierung \/ Absage einer Einheit<\/strong><\/h2>\n<\/li>\n<\/ol>\n<h3>Kann oder will ein\/e Patient\/In an einem bereits gebuchten Termin nicht erscheinen, so hat er\/sie dies bis mindestens 24h vor Therapiebeginn telefonisch der Therapeutin \/ dem Therapeuten mitzuteilen. Sollte die Absage sp\u00e4ter als 24h vor Therapiebeginn erfolgen, so sind die gesamten Kosten zu tragen.<\/h3>\n<ol>\n<li>\n<h2><strong>e) Beendigung der Behandlung<\/strong><\/h2>\n<\/li>\n<\/ol>\n<h3>Die \u00e4rztliche Verordnung begrenzt den Umfang der Behandlung. Sollte eine Behandlung dar\u00fcber hinaus notwendig sein, ben\u00f6tigt der\/die Patient\/In eine neue, falls eine R\u00fcckerstattung erw\u00fcnscht ist, auch chef\u00e4rztlich bewilligte \u00e4rztliche Verordnung. Die Behandlung endet \u00fcblicherweise im Einvernehmen zwischen der Patientin \/ dem Patienten und der Therapeutin \/ dem Therapeuten. Sowohl der Patientin \/ dem Patienten als auch der Therapeutin \/ dem Therapeuten steht es dar\u00fcber hinaus frei, die Behandlung jederzeit und ohne Angabe von Gr\u00fcnden abzubrechen. Der\/die Therapeut\/In wird sich insbesondere zum Abbruch der Behandlung entscheiden, wenn er\/sie der Meinung ist, dass die Behandlung nicht zum gew\u00fcnschten beziehungsweise vereinbarten Erfolg f\u00fchrt oder medizinisch-therapeutisch andere Behandlungsma\u00dfnahmen angezeigt sind. Dasselbe gilt, wenn beispielsweise der Therapeutin \/ dem Therapeuten die Behandlung aus therapeutischer Sicht nicht mehr verantwortbar erscheint oder der Kunde den vereinbarten Zahlungsmodus nicht einh\u00e4lt. Bei vorzeitiger Beendigung gelangen jene Behandlungssitzungen zur Verrechnung, die der\/die Patient\/In tats\u00e4chlich in Anspruch genommen hat. Eine Ausnahme stellen nicht rechtzeitig abgesagte Termine dar (siehe dazu 3d).<\/h3>\n<h3><\/h3>\n<h3><\/h3>\n<h3><\/h3>\n<ol start=\"4\">\n<li>\n<h2><strong> <\/strong><strong>Testungen<\/strong><\/h2>\n<\/li>\n<li>\n<h2><strong>a) Allgemein und Buchung<\/strong><\/h2>\n<\/li>\n<\/ol>\n<h3>Die Physiotherapie f\u00fchrt auf Anfrage oder auf \u00e4rztliche Verordnung Testungen zur Ermittlung der Sportf\u00e4higkeit sowie des Trainingszustandes (Laktatdiagnostik und Spiroergometrie) durch. Testungen sind pers\u00f6nlich oder telefonisch mit den Therapeuten\/Innen zu vereinbaren.<\/h3>\n<ol>\n<li>\n<h2><strong>b) Gesundheitszustand<\/strong><\/h2>\n<\/li>\n<\/ol>\n<h3>Der\/die Teilnehmer\/In versichert, nicht an einer ansteckenden Krankheit zu leiden, ebenso, dass dem Ausf\u00fchren von Sport, Trainings\u00fcbungen keine medizinischen Indikationen entgegenstehen. Der\/die Teilnehmer\/In verpflichtet sich Schwangerschaft, chronische oder akute Erkrankung (k\u00f6rperlich oder mental\/ psychisch) dem\/r Therapeuten\/In umgehend mitzuteilen.Die angebotenen Leistungen ersetzen in keiner Weise eine \u00e4rztliche Versorgung oder Verordnung von Medikamenten. Die Therapeuten\/Innen der Physiotherapie sind berechtigt, ohne dass dies eine Verpflichtung zur Pr\u00fcfung oder eine Haftung f\u00fcr die Entscheidung ausl\u00f6sen w\u00fcrde, nach eigener Einsch\u00e4tzung des Gesundheitszustandes dem\/der Teilnehmer\/In die Aus\u00fcbung von Testungen sowie Einheiten zu verwehren.<\/h3>\n<ol>\n<li>\n<h2><strong>c) Durchf\u00fchrende Person<\/strong><\/h2>\n<\/li>\n<\/ol>\n<h3>Die Testungen werden von geschultem Personal, nach Bedarf und Art der Testung auch von Physiotherapeuten\/Innen durchgef\u00fchrt.<\/h3>\n<ol>\n<li>\n<h2><strong>d) Standardisierung<\/strong><\/h2>\n<\/li>\n<\/ol>\n<h3>Alle Testungen und die damit getroffenen Aussagen basieren auf empirisch ermittelten Daten und erfolgen nach klaren Richtlinien.<\/h3>\n<ol>\n<li>\n<h2><strong>e) Aussagekraft<\/strong><\/h2>\n<\/li>\n<\/ol>\n<h3>Die Aussagen w\u00e4hrend und nach einer Testung sind lediglich als Empfehlung f\u00fcr den\/die Teilnehmer\/In zu verstehen und haben keine medizinische Relevanz. Eine genauere Auswertung sollte mit einem Arzt erfolgen.<\/h3>\n<ol start=\"5\">\n<li>\n<h2><strong> <\/strong><strong>Haftung von der Physiotherapie<\/strong><\/h2>\n<\/li>\n<\/ol>\n<h3>In den R\u00e4umlichkeiten von der Physiotherapie gibt es verschlie\u00dfbare Spinde. Diese d\u00fcrfen von allen Patient\/Innen w\u00e4hrend der Therapie kostenfrei genutzt werden, sind danach aber unverz\u00fcglich zu leeren. Die Physiotherapie \u00fcbernimmt keinerlei Haftung f\u00fcr Wertgegenst\u00e4nde und Kleidungsst\u00fccke, welche in den Spinden abgelegt werden.<br \/>Soweit nicht eine Beteiligung von Therapeuten\/Innen von der Physiotherapie nachgewiesen wird, wird eine Haftung im Falle des Verlustes von mitgebrachter Kleidung, Wertgegenst\u00e4nden oder Geld ausgeschlossen. Die Inanspruchnahme von Leistungen von der Physiotherapie erfolgt auf eigene Gefahr und eigenes Risiko. Die Physiotherapie haftet nicht f\u00fcr Unf\u00e4lle bzw. daraus resultierende k\u00f6rperliche Sch\u00e4den von Patient\/Innen. Auch f\u00fcr die Folgen unsachgem\u00e4\u00df und\/oder selbst\u00e4ndig in den R\u00e4umlichkeiten von der Physiotherapie durchgef\u00fchrter \u00dcbungen haftet die Physiotherapie nicht. Die Haftung von der Physiotherapie f\u00fcr Verm\u00f6gens- und Sachsch\u00e4den beschr\u00e4nkt sich auf Vorsatz und grobe Fahrl\u00e4ssigkeit, sofern durch die Physiotherapie und seinen Therapeuten\/Innen keine Sch\u00e4den durch die Verletzung vertraglicher Hauptpflichten verursacht wurden.<\/h3>\n<ol start=\"6\">\n<li>\n<h2><strong> <\/strong><strong>Datenschutzbestimmungen<\/strong><\/h2>\n<\/li>\n<\/ol>\n<h3>Daten der Patient\/Innen werden vertraulich behandelt und unterliegen den gesetzlichen Datenschutzbestimmungen. Daten werden zum Zweck der Vertragserf\u00fcllung sowie eventuell f\u00fcr eigene Werbezwecke genutzt und nicht an Dritte weitergegeben. Der\/die Patient\/In ist damit einverstanden, dass pers\u00f6nliche Daten, der Physiotherapie zur Verf\u00fcgung gestellt werden EDV- m\u00e4\u00dfig gespeichert werden und im Rahmen des Vertragszweckes Verwendung finden. Bilder und Videos aus Unterricht und Workshops k\u00f6nnen zur Dokumentation, Ver\u00f6ffentlichung und f\u00fcr Werbezwecke, sowie in sozialen Medien (z.B. Facebook, Instagram \u2026) ohne weitere Zustimmung verwendet werden, sofern es keinen ausdr\u00fccklichen Widerspruch seitens einer Patientin \/ eines Patienten dagegen gibt.<\/h3>\n<ol start=\"7\">\n<li>\n<h2><strong> <\/strong><strong>Gerichtsstand, geltendes Recht<\/strong><\/h2>\n<\/li>\n<\/ol>\n<h3>Es gilt \u00f6sterreichisches materielles Recht unter Ausschluss jedweder Verweisungsnorm. Sofern auf das Vertragsverh\u00e4ltnis nicht das KSchG anzuwenden ist, ist der Gerichtsstand Rattenberg und gilt f\u00fcr alle Streitigkeiten zwischen der Physiotherapie und der Patientin \/ des Patienten das sachlich zust\u00e4ndige Gericht in Rattenberg.<\/h3>\n<ol start=\"8\">\n<li>\n<h2><strong> <\/strong><strong>Sonstiges<\/strong><\/h2>\n<\/li>\n<\/ol>\n<h3>Es bestehen keine Nebenabreden zu diesen AGB. \u00c4nderungen dieser AGB bed\u00fcrfen der Schriftform ebenso ein Abgeben von \u00c4nderungen. Sollte einzelne Klauseln der vorliegenden AGB ganz oder teilweise unwirksam sein, so ber\u00fchrt das nicht die Wirksamkeit der \u00fcbrigen Klauseln und der Vertrag bleibt im Grundsatz bestehen, wobei die unwirksame Klausel durch eine Klausel ersetzt wird, die dem Zweck der unwirksamen Klausel wirtschaftlich am n\u00e4chsten kommt. Das Schriftlichkeitserfordernis wird durch eine \u00dcbermittlung als Email gewahrt. Sofern der\/die Patient\/In eine Emailadresse bekanntgegeben hat, k\u00f6nnen alle Nachrichten zwischen den Vertragsparteien durch Email erfolgen.<\/h3>\n<h3><\/h3>\n<p>[\/et_pb_text][\/et_pb_column][\/et_pb_row][\/et_pb_section]<\/p>\n","protected":false},"excerpt":{"rendered":"<p>ALLGEMEINE GESCH\u00c4FTSBEDINGUNGEN In der Folge finden sich die allgemeinen Gesch\u00e4ftsbedingungen der Einzelunternehmen Raphael Brus sowie Denis Brennsteiner. Allgemeine Gesch\u00e4ftsbedingungenDie Einzelunternehmen Raphael Brus sowie Denis Brennsteiner werden in Folge als Physiotherapie bezeichnet. Geltungsbereich Diese Allgemeinen Gesch\u00e4ftsbedingungen (AGB) gelten f\u00fcr alle Dienstleistungen der Physiotherapie, und jeglichen beinhaltenden oder anschlie\u00dfenden Behandlungen verschiedenster Art. Mit der zur Nutzung einer [&hellip;]<\/p>\n","protected":false},"author":1,"featured_media":0,"parent":0,"menu_order":0,"comment_status":"closed","ping_status":"closed","template":"","meta":{"_et_pb_use_builder":"on","_et_pb_old_content":"","_et_gb_content_width":"","footnotes":""},"class_list":["post-142","page","type-page","status-publish","hentry"],"_links":{"self":[{"href":"https:\/\/make-it-happen.tirol\/index.php?rest_route=\/wp\/v2\/pages\/142","targetHints":{"allow":["GET"]}}],"collection":[{"href":"https:\/\/make-it-happen.tirol\/index.php?rest_route=\/wp\/v2\/pages"}],"about":[{"href":"https:\/\/make-it-happen.tirol\/index.php?rest_route=\/wp\/v2\/types\/page"}],"author":[{"embeddable":true,"href":"https:\/\/make-it-happen.tirol\/index.php?rest_route=\/wp\/v2\/users\/1"}],"replies":[{"embeddable":true,"href":"https:\/\/make-it-happen.tirol\/index.php?rest_route=%2Fwp%2Fv2%2Fcomments&post=142"}],"version-history":[{"count":8,"href":"https:\/\/make-it-happen.tirol\/index.php?rest_route=\/wp\/v2\/pages\/142\/revisions"}],"predecessor-version":[{"id":458,"href":"https:\/\/make-it-happen.tirol\/index.php?rest_route=\/wp\/v2\/pages\/142\/revisions\/458"}],"wp:attachment":[{"href":"https:\/\/make-it-happen.tirol\/index.php?rest_route=%2Fwp%2Fv2%2Fmedia&parent=142"}],"curies":[{"name":"wp","href":"https:\/\/api.w.org\/{rel}","templated":true}]}}